{"id":6347,"date":"2026-01-31T12:02:30","date_gmt":"2026-01-31T11:02:30","guid":{"rendered":"https:\/\/blogailleurs.net\/?page_id=6347"},"modified":"2026-01-31T12:03:35","modified_gmt":"2026-01-31T11:03:35","slug":"projet-pour-2026","status":"publish","type":"page","link":"https:\/\/blogailleurs.net\/?page_id=6347","title":{"rendered":"Projet"},"content":{"rendered":"\n<p>Voici le trajet pr\u00e9vu pour notre prochain voyage en direction de l&rsquo;Asie centrale :<\/p>\n\n\n\n<figure class=\"wp-block-image size-large\"><img loading=\"lazy\" decoding=\"async\" width=\"1024\" height=\"551\" src=\"https:\/\/blogailleurs.net\/wp-content\/uploads\/2026\/01\/projet_2026-1024x551.png\" alt=\"\" class=\"wp-image-6348\" srcset=\"https:\/\/blogailleurs.net\/wp-content\/uploads\/2026\/01\/projet_2026-1024x551.png 1024w, https:\/\/blogailleurs.net\/wp-content\/uploads\/2026\/01\/projet_2026-300x161.png 300w, https:\/\/blogailleurs.net\/wp-content\/uploads\/2026\/01\/projet_2026-768x413.png 768w, https:\/\/blogailleurs.net\/wp-content\/uploads\/2026\/01\/projet_2026-102x55.png 102w, https:\/\/blogailleurs.net\/wp-content\/uploads\/2026\/01\/projet_2026-1115x600.png 1115w, https:\/\/blogailleurs.net\/wp-content\/uploads\/2026\/01\/projet_2026-545x293.png 545w, https:\/\/blogailleurs.net\/wp-content\/uploads\/2026\/01\/projet_2026-1090x587.png 1090w, https:\/\/blogailleurs.net\/wp-content\/uploads\/2026\/01\/projet_2026.png 1431w\" sizes=\"auto, (max-width: 1024px) 100vw, 1024px\" \/><\/figure>\n\n\n\n<p>Nous pr\u00e9voyons de laisser notre v\u00e9hicule quelque part en Asie centrale et de poursuivre le voyage les ann\u00e9es suivantes.<\/p>\n","protected":false},"excerpt":{"rendered":"<p>Voici le trajet pr\u00e9vu pour notre prochain voyage en direction de l&rsquo;Asie centrale : Nous pr\u00e9voyons de laisser notre v\u00e9hicule quelque part en Asie centrale et de poursuivre le voyage les ann\u00e9es suivantes.<\/p>\n","protected":false},"author":1,"featured_media":0,"parent":0,"menu_order":0,"comment_status":"closed","ping_status":"closed","template":"","meta":{"footnotes":""},"class_list":["post-6347","page","type-page","status-publish","hentry"],"_links":{"self":[{"href":"https:\/\/blogailleurs.net\/index.php?rest_route=\/wp\/v2\/pages\/6347","targetHints":{"allow":["GET"]}}],"collection":[{"href":"https:\/\/blogailleurs.net\/index.php?rest_route=\/wp\/v2\/pages"}],"about":[{"href":"https:\/\/blogailleurs.net\/index.php?rest_route=\/wp\/v2\/types\/page"}],"author":[{"embeddable":true,"href":"https:\/\/blogailleurs.net\/index.php?rest_route=\/wp\/v2\/users\/1"}],"replies":[{"embeddable":true,"href":"https:\/\/blogailleurs.net\/index.php?rest_route=%2Fwp%2Fv2%2Fcomments&post=6347"}],"version-history":[{"count":2,"href":"https:\/\/blogailleurs.net\/index.php?rest_route=\/wp\/v2\/pages\/6347\/revisions"}],"predecessor-version":[{"id":6351,"href":"https:\/\/blogailleurs.net\/index.php?rest_route=\/wp\/v2\/pages\/6347\/revisions\/6351"}],"wp:attachment":[{"href":"https:\/\/blogailleurs.net\/index.php?rest_route=%2Fwp%2Fv2%2Fmedia&parent=6347"}],"curies":[{"name":"wp","href":"https:\/\/api.w.org\/{rel}","templated":true}]}}