{"id":484,"date":"2012-05-09T21:15:20","date_gmt":"2012-05-09T19:15:20","guid":{"rendered":"http:\/\/blogailleurs.net\/?page_id=484"},"modified":"2012-10-12T00:24:10","modified_gmt":"2012-10-11T22:24:10","slug":"dodecanese-2007","status":"publish","type":"page","link":"https:\/\/blogailleurs.net\/?page_id=484","title":{"rendered":"dod\u00e9can\u00e8se 2007"},"content":{"rendered":"<h3>Automne 2007, \u00eeles du Dod\u00e9can\u00e8se<\/h3>\n<h3>\u00a0Au d\u00e9part de Kos, \u00e0 bord du Dilos &#8211; du 13 au 21.10.2007<\/h3>\n<p>Notre bateau, un Sun Odyssey 35 construit par Jeanneau, porte le nom de Dilos. C&rsquo;est un voilier que nous connaissons d\u00e9j\u00e0, car nous avons navigu\u00e9 \u00e0 ses c\u00f4t\u00e9s de Sifnos \u00e0 Serifos au printemps pass\u00e9, en compagnie de Thierry, Danhelle et Remo. (<a title=\"Galerie de photos, Dod\u00e9can\u00e8se\" href=\"http:\/\/blogailleurs.net\/dilos\/\" target=\"_blank\">photos<\/a>)<\/p>\n<h4>SA 13.10 de Kos \u00e0 Pserimos<\/h4>\n<p><img loading=\"lazy\" decoding=\"async\" class=\"size-medium wp-image-492 alignright\" title=\"Aube\" src=\"http:\/\/blogailleurs.net\/wp-content\/uploads\/2012\/05\/l49-300x225.jpg\" alt=\"\" width=\"300\" height=\"225\" srcset=\"https:\/\/blogailleurs.net\/wp-content\/uploads\/2012\/05\/l49-300x225.jpg 300w, https:\/\/blogailleurs.net\/wp-content\/uploads\/2012\/05\/l49-73x55.jpg 73w, https:\/\/blogailleurs.net\/wp-content\/uploads\/2012\/05\/l49-533x400.jpg 533w, https:\/\/blogailleurs.net\/wp-content\/uploads\/2012\/05\/l49-75x55.jpg 75w, https:\/\/blogailleurs.net\/wp-content\/uploads\/2012\/05\/l49.jpg 800w\" sizes=\"auto, (max-width: 300px) 100vw, 300px\" \/><\/p>\n<p>15h10. Nous appareillons; notre intention \u00e9tant de remonter en direction de Patmos, nous faisons route vers l&rsquo;\u00eele proche de Pserimos comme premi\u00e8re \u00e9tape. Le vent vient du Nord et nous le recevons presque de face, ce qui nous oblige \u00e0 r\u00e9aliser l&rsquo;\u00e9tape au moteur. En 2 h., nous atteignons notre objectif et reprenons assez ais\u00e9ment nos habitudes pour l&rsquo;ancrage \u00abcul \u00e0 quai\u00bb en une seule manoeuvre. Le vent a forci un peu et s&rsquo;est orient\u00e9 Ouest, il provoque passablement de vagues dans le petit port. Nous v\u00e9rifions l&rsquo;amarrage et partons manger. Il n&rsquo;y a que trois bateaux dans le petit port et nous optons pour une r\u00e9partition \u00e9quitable en choisissant la terrasse d&rsquo;une taverne o\u00f9 encore aucun \u00e9quipage ne s&rsquo;est arr\u00eat\u00e9. Le ciel se couvre et des orages strient le ciel en passant. La nuit sera agit\u00e9e au point que Monique ira dormir sur le quai, puis \u00e0 l&rsquo;abri d&rsquo;une pelle m\u00e9canique lorsque la pluie se mettra \u00e0 tomber.<\/p>\n<h4>DI 14.10 de Pserimos \u00e0 Pand\u00e9li<\/h4>\n<p>08h35. Notre voisin suisse a quitt\u00e9 le quai durant la nuit pour mouiller dans le port. Notre Dilos n&rsquo;a pas boug\u00e9 malgr\u00e9 les vagues. En levant l&rsquo;ancre, nous emportons un c\u00e2ble sous-marin (c&rsquo;est peut-\u00eatre la raison de notre bonne tenue durant la nuit). L&rsquo;eau affiche 27\u00b0 et je n&rsquo;h\u00e9site pas \u00e0 plonger pour r\u00e9cup\u00e9rer la gaffe que nous avons perdue en d\u00e9crochant le c\u00e2ble. Sur le parcours, nous faisons un d\u00e9tour pour aller admirer le mouillage de Palionisos; l&rsquo;endroit est magnifique, mais nous ne nous y arr\u00eatons pas et poursuivons jusqu&rsquo;\u00e0 Pand\u00e9li, sur l&rsquo;\u00eele de Leros. Le vent est toujours de dominance Nord, mais nous avons pu effectuer une partie du trajet \u00e0 la voile. \u00c0 Pand\u00e9li, il y a peu de place au port et pour en \u00e9conomiser, nous nous amarrons \u00abcul \u00e0 quai\u00bb derri\u00e8re deux voiliers amarr\u00e9s le long du quai en laissant encore de la place pour un \u00e9ventuel arrivant. De retour de notre repas \u00e0 l&rsquo;excellente taverne Zorba, nous constatons que notre ancre a d\u00e9rap\u00e9 et qu&rsquo;elle ne semble plus tenir suffisamment. Avec l&rsquo;aide de nos voisins australiens, nous laissons filer un peu de cha\u00eene et, le vent ayant nettement forci, nous nous mettons \u00e9galement \u00e0 quai. Sage d\u00e9cision, car durant la nuit le vent a encore forci \u00e0 force 7-8 et tout le monde est fort secou\u00e9 par les vagues. Nous passons une seconde nuit sans vraiment bien dormir.<\/p>\n<h4>LU 15.10, MA 16.10 repos et balade sur l&rsquo;\u00eele de Leros<\/h4>\n<p>Lundi matin, je passe plus d&rsquo;une heure \u00e0 parcourir Pand\u00e9li pour essayer de trouver une boulangerie. Ayant sorti les quelques rudiments de grec, je parviens \u00e0 comprendre que c&rsquo;est du c\u00f4t\u00e9 de Platanos, l&rsquo;autre village accol\u00e9 \u00e0 Pand\u00e9li que je vais trouver mon bonheur. Le vent violent et la m\u00e9t\u00e9o consult\u00e9e au caf\u00e9 Internet nous incitent \u00e0 rester sur place. Nous profitons d&rsquo;inviter nos voisins australiens \u00e0 prendre un caf\u00e9; ils nous font visiter leur bateau ensuite et nous sommes tr\u00e8s impressionn\u00e9s par leur \u00e9quipement technique (radar, connexion satellite, r\u00e9ception m\u00e9t\u00e9o, etc&#8230;).<\/p>\n<figure id=\"attachment_487\" aria-describedby=\"caption-attachment-487\" style=\"width: 210px\" class=\"wp-caption alignleft\"><a href=\"http:\/\/blogailleurs.net\/wp-content\/uploads\/2012\/05\/l23.jpg\"><img loading=\"lazy\" decoding=\"async\" class=\"size-thumbnail wp-image-487\" title=\"l23\" src=\"http:\/\/blogailleurs.net\/wp-content\/uploads\/2012\/05\/l23-210x140.jpg\" alt=\"\" width=\"210\" height=\"140\" srcset=\"https:\/\/blogailleurs.net\/wp-content\/uploads\/2012\/05\/l23-210x140.jpg 210w, https:\/\/blogailleurs.net\/wp-content\/uploads\/2012\/05\/l23-150x100.jpg 150w, https:\/\/blogailleurs.net\/wp-content\/uploads\/2012\/05\/l23-75x50.jpg 75w\" sizes=\"auto, (max-width: 210px) 100vw, 210px\" \/><\/a><figcaption id=\"caption-attachment-487\" class=\"wp-caption-text\">Pause \u00e0 l&rsquo;abri<\/figcaption><\/figure>\n<p>Mardi. Les pr\u00e9visions m\u00e9t\u00e9o annoncent une baisse de vent pour la fin de la journ\u00e9e seulement, nous louons un scooter et d\u00e9cidons de visiter l&rsquo;\u00eele par la route. C&rsquo;est un vrai r\u00e9gal, il fait beau mais frais et nous sommes enchant\u00e9s de nos petites d\u00e9couvertes, la plus sympa \u00e9tant une petite chapelle au sommet du mont Klidi que nous avons atteinte en faisant un peu de piste avec le scooter (\u00e0 deux dessus). Au passage, nous rep\u00e9rons pleins d&rsquo;endroits o\u00f9 nous pourrions revenir avec la tente de toit, m\u00eame si l&rsquo;\u00eele est petite en qu&rsquo;on peut en faire le tour en moins d&rsquo;une journ\u00e9e. Il faudra tout de m\u00eame que nous puissions une fois visiter la forteresse de Pand\u00e9li; cela fait la seconde fois que nous y passons et trouvons la porte close. C&rsquo;est vrai que nous sommes en fin de saison.<\/p>\n<h4>ME 17.10 de Pand\u00e9li \u00e0 Vathi<\/h4>\n<p>La m\u00e9t\u00e9o annon\u00e7ant une persistance du vent du Nord, nous d\u00e9cidons de modifier notre itin\u00e9raire en reprenant une route Sud vers Kalimnos et Kos. En remontant l&rsquo;ancre, cette fois ce sont deux cha\u00eenes que nous relevons. Le poids \u00e9norme de l&rsquo;ensemble nous vaudra de perdre une seconde fois notre gaffe; retour \u00e0 l&rsquo;eau pour Paul pour la r\u00e9cup\u00e9rer. La prochaine fois, nous fixerons un bout sur l&rsquo;objet accroch\u00e9 et redescendrons la cha\u00eene de l&rsquo;ancre en s&rsquo;\u00e9cartant pour \u00e9viter d&rsquo;avoir \u00e0 plonger inutilement. Nous naviguons au portant, toutes voiles dehors car le vent a baiss\u00e9 d&rsquo;intensit\u00e9; il baisse encore et c&rsquo;est au moteur que nous atteignons le d\u00e9licieux port de Vathi, sur l&rsquo;\u00eele de Kalimnos. Il est pr\u00e8s de 13h00 et nous sommes le premier voilier \u00e0 nous amarrer. La terrasse de Manolis Papazoglou nous r\u00e9galera d&rsquo;une d\u00e9licieuse salade grecque. Je profite de l&rsquo;apr\u00e8s-midi pour parcourir les environs \u00e0 pied et faire quelques photos. Dans le village, un restaurateur me fait d\u00e9couvrir un splendide ruisseau alimentant une fontaine d&rsquo;eau douce o\u00f9 nagent une multitude de poissons, superbe.<\/p>\n<h4>JE 18.10 de Vathi \u00e0 Kamar\u00e8s<\/h4>\n<p>09h55. Nous quittons Vathi et faisons route vers l&rsquo;\u00eele de Kos. Au large de Mastikhari, nous d\u00e9cidons de poursuivre en effectuant le contournement de Kos en passant par la c\u00f4te orientale et le cap Krikelios. Apr\u00e8s avoir pass\u00e9 le premier cap, Ak Hones, nous retrouvons enfin un peu de vent; il nous poussera sans peine jusqu&rsquo;au port de Kamar\u00e8s \u00e0 petite allure parfois. La partie du port r\u00e9serv\u00e9e au passage est occup\u00e9e et mal orient\u00e9e par rapport au vent; nous nous amarrons sur la partie Sud du perron principal. Le fond est profond et nous larguons une grande quantit\u00e9 de cha\u00eene. Ici, c&rsquo;est le royaume des p\u00eacheurs de port; nous les trouvons bien patients et fort peu efficaces car aucune prise cons\u00e9quente n&rsquo;est op\u00e9r\u00e9e durant notre arr\u00eat.<\/p>\n<h4>VE 19.10 de Kamar\u00e8s \u00e0 Palon<\/h4>\n<p>09h15. Nous mettons le cap vers l&rsquo;\u00eele de Nisiros. Un joli vent de travers nous donne l&rsquo;occasion de r\u00e9aliser une bonne partie de la travers\u00e9e \u00e0 la voile. Au passage, nous admirons avec \u00e9tonnement les falaises tr\u00e8s blanches de Nisos Yalos. \u00c0 la lecture des indications du \u00abGreek water pilot\u00bb, nous optons pour le port de Palon. C&rsquo;est un excellent choix, l&rsquo;endroit est calme et pittoresque. Nous effectuons un amarrage \u00abcul \u00e0 quai\u00bb sans probl\u00e8me et faisons connaissance imm\u00e9diate avec nos voisins, un couple belge naviguant sur un petit ketch superbe r\u00e9pondant au nom d&rsquo;<a href=\"http:\/\/www.aquarellia.com\/\" target=\"_blank\">Aquarellia<\/a>. Nous profitons du temps magnifique pour louer un scooter et partir \u00e0 la d\u00e9couverte de cette \u00eele volcanique. C&rsquo;est un enchantement, un r\u00e9gal pour les yeux: au d\u00e9bouch\u00e9 du petit col, nous d\u00e9couvrons une plaine arrondie et quasi ferm\u00e9e qui donne l&rsquo;impression d&rsquo;avoir \u00e9t\u00e9 le premier crat\u00e8re. La derni\u00e8re \u00e9ruption du volcan date des ann\u00e9es 1877 mais le volcan est toujours actif. Au centre de la vall\u00e9e, nous sommes enchant\u00e9s par la d\u00e9couverte du grand crat\u00e8re (250 m de circonf\u00e9rence et plus de 30 m de hauteur). C&rsquo;est impressionnant car nous sommes les seuls \u00abtouristes\u00bb. Je descends <a href=\"http:\/\/blogailleurs.net\/wp-content\/uploads\/2012\/05\/vulcano_nisiros-desktop.m4v\">au fond du crat\u00e8re<\/a>\u00a0et j&rsquo;ai r\u00e9ellement l&rsquo;impression de me retrouver en pleine zone g\u00e9othermique comme \u00e0 Namafjall en Islande : il y a des fumerolles, des sifflements de gaz et de l&rsquo;eau boueuse en \u00e9bullition; g\u00e9nial. Au retour, nous passons dans le petit village d&rsquo;Evorios perdu dans les hauteurs de l&rsquo;\u00eele. Certaines maisons sont abandonn\u00e9es, d&rsquo;autres en ruines mais il y a toujours de la vie et des habitants qui r\u00e9novent et entretiennent leurs maisons blanches. Nous retrouvons le port, les yeux et le coeur remplis de belles images. Nous partageons notre repas du soir \u00e0 la taverne locale avec Jannik et Michel, nos marins d&rsquo;Aquarellia, un r\u00e9gal suppl\u00e9mentaire \u00e0 tous points de vue.<\/p>\n<h4>SA 20.10 de Palon \u00e0 Kos<\/h4>\n<p>11h15. La m\u00e9t\u00e9o annonce un coup de vent violent pour dimanche, nous appareillons et quittons Palon pour faire route vers la marina de Kos en prenant un jour d&rsquo;avance sur le retour pr\u00e9vu du bateau. C&rsquo;est une d\u00e9cision judicieuse : nous profitons d\u00e9j\u00e0 d&rsquo;un bon vent au portant et r\u00e9alisons la travers\u00e9e (22.5 miles) quasiment sur un seul bord. Au fur et \u00e0 mesure de notre d\u00e9placement, le temps se couvre et il commence \u00e0 pleuvoir lorsque nous accostons \u00e0 Kos. L&rsquo;accueil au port de la marina vaut son pesant d&rsquo;impressions : Monique annonce notre arriv\u00e9e \u00e0 la radio (c&rsquo;est sa premi\u00e8re intervention radio totalement en anglais), le responsable du port nous presse de rejoindre l&rsquo;entr\u00e9e car la pluie s&rsquo;annonce; d\u00e8s l&rsquo;entr\u00e9e, un zodiac nous guide et nous aide \u00e0 manoeuvrer en nous poussant vers le quai, trois hommes de Moorings s&rsquo;affairent \u00e0 nous amarrer; il ne nous reste qu&rsquo;\u00e0 assister aux op\u00e9rations sans rien faire, le luxe.<\/p>\n<h4>DI 21.10 visite de Kos<\/h4>\n<p><img loading=\"lazy\" decoding=\"async\" src=\"http:\/\/school.fri-tic.ch\/~bergerp\/etomite\/assets\/images\/\" alt=\"\" width=\"0\" height=\"0\" align=\"left\" border=\"0\" hspace=\"5\" vspace=\"0\" \/>Profitant de notre arriv\u00e9e avec un jour d&rsquo;avance, nous louons une voiture pour visiter l&rsquo;\u00eele par la route. Faite aupr\u00e8s de l&rsquo;agence EuropCar, cette location nous \u00e9vitera de faire appel \u00e0 un taxi on\u00e9reux pour rejoindre l&rsquo;a\u00e9roport aux petites heures du lundi. Nous effectuons un tour complet de l&rsquo;\u00eele et appr\u00e9cions particuli\u00e8rement les petites pistes de la c\u00f4te orientale o\u00f9 nous d\u00e9couvrons des plages de r\u00eave o\u00f9 nous envisageons de retourner avec notre tente sur la voiture. Tr\u00e8s satisfaits de notre repas de samedi \u00e0 la taverne \u00abTo Kapilio\u00bb, nous y retournons pour notre repas d&rsquo;adieu aux \u00eeles grecques pour cette ann\u00e9e.<\/p>\n","protected":false},"excerpt":{"rendered":"<p>Automne 2007, \u00eeles du Dod\u00e9can\u00e8se \u00a0Au d\u00e9part de Kos, \u00e0 bord du Dilos &#8211; du 13 au 21.10.2007 Notre bateau, un Sun Odyssey 35 construit par Jeanneau, porte le nom de Dilos. C&rsquo;est un voilier que nous connaissons d\u00e9j\u00e0, car nous avons navigu\u00e9 \u00e0 ses c\u00f4t\u00e9s de Sifnos \u00e0 Serifos [&hellip;]<\/p>\n","protected":false},"author":1,"featured_media":487,"parent":380,"menu_order":3,"comment_status":"open","ping_status":"open","template":"","meta":{"footnotes":""},"class_list":["post-484","page","type-page","status-publish","has-post-thumbnail","hentry"],"_links":{"self":[{"href":"https:\/\/blogailleurs.net\/index.php?rest_route=\/wp\/v2\/pages\/484","targetHints":{"allow":["GET"]}}],"collection":[{"href":"https:\/\/blogailleurs.net\/index.php?rest_route=\/wp\/v2\/pages"}],"about":[{"href":"https:\/\/blogailleurs.net\/index.php?rest_route=\/wp\/v2\/types\/page"}],"author":[{"embeddable":true,"href":"https:\/\/blogailleurs.net\/index.php?rest_route=\/wp\/v2\/users\/1"}],"replies":[{"embeddable":true,"href":"https:\/\/blogailleurs.net\/index.php?rest_route=%2Fwp%2Fv2%2Fcomments&post=484"}],"version-history":[{"count":11,"href":"https:\/\/blogailleurs.net\/index.php?rest_route=\/wp\/v2\/pages\/484\/revisions"}],"predecessor-version":[{"id":490,"href":"https:\/\/blogailleurs.net\/index.php?rest_route=\/wp\/v2\/pages\/484\/revisions\/490"}],"up":[{"embeddable":true,"href":"https:\/\/blogailleurs.net\/index.php?rest_route=\/wp\/v2\/pages\/380"}],"wp:featuredmedia":[{"embeddable":true,"href":"https:\/\/blogailleurs.net\/index.php?rest_route=\/wp\/v2\/media\/487"}],"wp:attachment":[{"href":"https:\/\/blogailleurs.net\/index.php?rest_route=%2Fwp%2Fv2%2Fmedia&parent=484"}],"curies":[{"name":"wp","href":"https:\/\/api.w.org\/{rel}","templated":true}]}}