{"id":380,"date":"2012-05-08T20:40:40","date_gmt":"2012-05-08T18:40:40","guid":{"rendered":"http:\/\/blogailleurs.net\/?page_id=380"},"modified":"2013-11-02T21:42:43","modified_gmt":"2013-11-02T19:42:43","slug":"sur-leau","status":"publish","type":"page","link":"https:\/\/blogailleurs.net\/?page_id=380","title":{"rendered":"sur l&rsquo;eau"},"content":{"rendered":"<h3>En voyage, en mer<\/h3>\n<p>Tous deux au b\u00e9n\u00e9fice d&rsquo;un permis de navigation en mer d\u00e9livr\u00e9 par le CCS (Cruising Club Suisse), nous levons l&rsquo;ancre une ou deux fois par ann\u00e9e pour effectuer une semaine ou dix jours de navigation \u00e0 la voile. En 1999, nous avons d\u00e9couvert la Gr\u00e8ce en effectuant des miles n\u00e9cessaires \u00e0 notre permis mer en compagnie d&rsquo;un skipper grec, Thierry Yannakakis et depuis, nous sommes tomb\u00e9s amoureux de ce pays et poursuivons sa d\u00e9couverte ann\u00e9e apr\u00e8s ann\u00e9e. Notre premi\u00e8re navigation en \u00e9tant les deux seuls \u00e0 bord de l&rsquo;Athena, en qualit\u00e9 de chefs de bord, nous a fait progresser et a renforc\u00e9 notre d\u00e9sir de poursuivre l&rsquo;aventure en mer.<\/p>\n<p><img loading=\"lazy\" decoding=\"async\" class=\"alignnone size-medium wp-image-403\" title=\"Ouf\" alt=\"\" src=\"http:\/\/blogailleurs.net\/wp-content\/uploads\/2012\/05\/Ouf-300x225.jpg\" width=\"300\" height=\"225\" srcset=\"https:\/\/blogailleurs.net\/wp-content\/uploads\/2012\/05\/Ouf-300x225.jpg 300w, https:\/\/blogailleurs.net\/wp-content\/uploads\/2012\/05\/Ouf-73x55.jpg 73w, https:\/\/blogailleurs.net\/wp-content\/uploads\/2012\/05\/Ouf-533x400.jpg 533w, https:\/\/blogailleurs.net\/wp-content\/uploads\/2012\/05\/Ouf-800x600.jpg 800w, https:\/\/blogailleurs.net\/wp-content\/uploads\/2012\/05\/Ouf-75x55.jpg 75w, https:\/\/blogailleurs.net\/wp-content\/uploads\/2012\/05\/Ouf.jpg 900w\" sizes=\"auto, (max-width: 300px) 100vw, 300px\" \/>\u00a0 <img loading=\"lazy\" decoding=\"async\" class=\"alignnone size-medium wp-image-391\" title=\"Ellenico\" alt=\"\" src=\"http:\/\/blogailleurs.net\/wp-content\/uploads\/2012\/05\/Ellenico-300x225.jpg\" width=\"300\" height=\"225\" srcset=\"https:\/\/blogailleurs.net\/wp-content\/uploads\/2012\/05\/Ellenico-300x225.jpg 300w, https:\/\/blogailleurs.net\/wp-content\/uploads\/2012\/05\/Ellenico-73x55.jpg 73w, https:\/\/blogailleurs.net\/wp-content\/uploads\/2012\/05\/Ellenico-533x400.jpg 533w, https:\/\/blogailleurs.net\/wp-content\/uploads\/2012\/05\/Ellenico-800x600.jpg 800w, https:\/\/blogailleurs.net\/wp-content\/uploads\/2012\/05\/Ellenico-75x55.jpg 75w, https:\/\/blogailleurs.net\/wp-content\/uploads\/2012\/05\/Ellenico.jpg 900w\" sizes=\"auto, (max-width: 300px) 100vw, 300px\" \/><\/p>\n<p>Dans ce chapitre, vous retrouverez les commentaires \u00e9crits repris de nos livres de bord et compl\u00e9tant les images de quelques p\u00e9riples en mer effectu\u00e9s depuis 1999.<\/p>\n<h4>Par\u00e9s \u00e0 appareiller ?<\/h4>\n<p>Nous ne sommes pas propri\u00e9taires et pour chacun de nos p\u00e9riples, nous louons un bateau diff\u00e9rent. Notre pr\u00e9f\u00e9rence va \u00e0 la soci\u00e9t\u00e9 <a title=\"site de moorings\" href=\"http:\/\/www.moorings.com\/\" target=\"_blank\">Moorings<\/a> avec laquelle nous avons fait d&rsquo;excellentes exp\u00e9riences. Nos voiliers \u00e9tant chaque fois diff\u00e9rents, nous avons pris l&rsquo;habitude de d\u00e9signer nos navigations du m\u00eame nom que celui du bateau.<\/p>\n<p><img loading=\"lazy\" decoding=\"async\" class=\"size-medium wp-image-382 alignleft\" title=\"Au_pres\" alt=\"\" src=\"http:\/\/blogailleurs.net\/wp-content\/uploads\/2012\/05\/Au_pres-225x300.jpg\" width=\"225\" height=\"300\" srcset=\"https:\/\/blogailleurs.net\/wp-content\/uploads\/2012\/05\/Au_pres-225x300.jpg 225w, https:\/\/blogailleurs.net\/wp-content\/uploads\/2012\/05\/Au_pres-41x55.jpg 41w, https:\/\/blogailleurs.net\/wp-content\/uploads\/2012\/05\/Au_pres-300x400.jpg 300w, https:\/\/blogailleurs.net\/wp-content\/uploads\/2012\/05\/Au_pres.jpg 675w\" sizes=\"auto, (max-width: 225px) 100vw, 225px\" \/><\/p>\n<p>&nbsp;<\/p>\n<p>&nbsp;<\/p>\n<ul>\n<li><a title=\"cyclades 2006\" href=\"http:\/\/blogailleurs.net\/?page_id=448\">cyclades 2006<\/a><\/li>\n<li><a title=\"en mer ionienne\" href=\"http:\/\/blogailleurs.net\/?page_id=408\">en mer ionienne<\/a><\/li>\n<li><a title=\"dod\u00e9can\u00e8se 2007\" href=\"http:\/\/blogailleurs.net\/?page_id=484\">dod\u00e9can\u00e8se 2007<\/a><\/li>\n<\/ul>\n","protected":false},"excerpt":{"rendered":"<p>En voyage, en mer Tous deux au b\u00e9n\u00e9fice d&rsquo;un permis de navigation en mer d\u00e9livr\u00e9 par le CCS (Cruising Club Suisse), nous levons l&rsquo;ancre une ou deux fois par ann\u00e9e pour effectuer une semaine ou dix jours de navigation \u00e0 la voile. En 1999, nous avons d\u00e9couvert la Gr\u00e8ce en [&hellip;]<\/p>\n","protected":false},"author":1,"featured_media":398,"parent":0,"menu_order":0,"comment_status":"open","ping_status":"open","template":"","meta":{"footnotes":""},"class_list":["post-380","page","type-page","status-publish","has-post-thumbnail","hentry"],"_links":{"self":[{"href":"https:\/\/blogailleurs.net\/index.php?rest_route=\/wp\/v2\/pages\/380","targetHints":{"allow":["GET"]}}],"collection":[{"href":"https:\/\/blogailleurs.net\/index.php?rest_route=\/wp\/v2\/pages"}],"about":[{"href":"https:\/\/blogailleurs.net\/index.php?rest_route=\/wp\/v2\/types\/page"}],"author":[{"embeddable":true,"href":"https:\/\/blogailleurs.net\/index.php?rest_route=\/wp\/v2\/users\/1"}],"replies":[{"embeddable":true,"href":"https:\/\/blogailleurs.net\/index.php?rest_route=%2Fwp%2Fv2%2Fcomments&post=380"}],"version-history":[{"count":7,"href":"https:\/\/blogailleurs.net\/index.php?rest_route=\/wp\/v2\/pages\/380\/revisions"}],"predecessor-version":[{"id":1689,"href":"https:\/\/blogailleurs.net\/index.php?rest_route=\/wp\/v2\/pages\/380\/revisions\/1689"}],"wp:featuredmedia":[{"embeddable":true,"href":"https:\/\/blogailleurs.net\/index.php?rest_route=\/wp\/v2\/media\/398"}],"wp:attachment":[{"href":"https:\/\/blogailleurs.net\/index.php?rest_route=%2Fwp%2Fv2%2Fmedia&parent=380"}],"curies":[{"name":"wp","href":"https:\/\/api.w.org\/{rel}","templated":true}]}}