{"id":3613,"date":"2019-04-23T16:51:00","date_gmt":"2019-04-23T15:51:00","guid":{"rendered":"https:\/\/blogailleurs.net\/?page_id=3613"},"modified":"2020-03-26T18:19:57","modified_gmt":"2020-03-26T17:19:57","slug":"kdj120","status":"publish","type":"page","link":"https:\/\/blogailleurs.net\/?page_id=3613","title":{"rendered":"Ancien v\u00e9hicule"},"content":{"rendered":"\n<h4 class=\"wp-block-heading\">Notre ancien v\u00e9hicule, son histoire<\/h4>\n\n\n\n<div class=\"wp-block-image size-medium wp-image-112\"><figure class=\"alignright\"><img loading=\"lazy\" decoding=\"async\" width=\"300\" height=\"225\" src=\"http:\/\/blogailleurs.net\/wp-content\/uploads\/2012\/05\/LandCruiser-300x225.jpg\" alt=\"Toyota LandCruiser KDJ120\" class=\"wp-image-112\" srcset=\"https:\/\/blogailleurs.net\/wp-content\/uploads\/2012\/05\/LandCruiser-300x225.jpg 300w, https:\/\/blogailleurs.net\/wp-content\/uploads\/2012\/05\/LandCruiser-1024x768.jpg 1024w, https:\/\/blogailleurs.net\/wp-content\/uploads\/2012\/05\/LandCruiser-73x55.jpg 73w, https:\/\/blogailleurs.net\/wp-content\/uploads\/2012\/05\/LandCruiser-533x400.jpg 533w, https:\/\/blogailleurs.net\/wp-content\/uploads\/2012\/05\/LandCruiser-800x600.jpg 800w, https:\/\/blogailleurs.net\/wp-content\/uploads\/2012\/05\/LandCruiser-75x55.jpg 75w, https:\/\/blogailleurs.net\/wp-content\/uploads\/2012\/05\/LandCruiser.jpg 1280w\" sizes=\"auto, (max-width: 300px) 100vw, 300px\" \/><figcaption>notre Toy<\/figcaption><\/figure><\/div>\n\n\n\n<p>Afin de garantir un acc\u00e8s s\u00fbr \u00e0 notre caravane durant la saison d&rsquo;hiver, nous avons opt\u00e9 pour un v\u00e9hicule disposant de 4 roues motrices. Le bon rapport qualit\u00e9\/prix de la firme Hyundai nous a conduit au choix du Santamo. Apr\u00e8s de bons et loyaux services, nous l&rsquo;avons remplac\u00e9 par un SantaFe avec une bo\u00eete manuelle. Suite \u00e0 un incident technique (perte d&rsquo;une roue), la confiance s&rsquo;est bris\u00e9e et nous avons profit\u00e9 d&rsquo;une bonne reprise pour acqu\u00e9rir la nouvelle version du SantaFe avec bo\u00eete automatique.<\/p>\n\n\n\n<p>Au retour d&rsquo;Islande, les limites de capacit\u00e9 de franchissement de notre SUV Hyundai nous ont conduit \u00e0 un nouveau choix : nous avions besoin d&rsquo;un 4&#215;4 plus performant. Nous avons opt\u00e9 pour l&rsquo;acquisition d&rsquo;un nouveau v\u00e9hicule, un Toyota LandCruiser, qui nous permet de partir sur (presque) toutes les routes imaginables.<\/p>\n\n\n\n<h4 class=\"wp-block-heading\">Modifications initiales<\/h4>\n\n\n\n<ul class=\"wp-block-list\"><li>Installation de 3 plaques de blindage de protection N4 sous le v\u00e9hicule et du snorkel; pi\u00e8ces command\u00e9es aupr\u00e8s de \u00abOff-road Accessoires\u00bb \u00e0 Gen\u00e8ve et install\u00e9es \u00e0 l&rsquo;agence Toyota de Givisiez.<\/li><li>Installation d&rsquo;un syst\u00e8me de tiroirs de rangement Black-Widow; mat\u00e9riel command\u00e9 aupr\u00e8s de \u00abOff-road Accessoires\u00bb et mont\u00e9 par nos soins.<\/li><\/ul>\n\n\n\n<h4 class=\"wp-block-heading\">Compl\u00e9ments<\/h4>\n\n\n\n<ul class=\"wp-block-list\"><li>Installation d&rsquo;une CB \u00abPresident\u00bb, antenne \u00abfouet\u00bb sur le capot avant.<\/li><li>Am\u00e9nagement de l&rsquo;espace int\u00e9rieur, plancher de mise \u00e0 niveau.<\/li><\/ul>\n\n\n\n<h4 class=\"wp-block-heading\">Pr\u00e9paration pour le voyage<\/h4>\n\n\n\n<ul class=\"wp-block-list\"><li>Installation d&rsquo;un pr\u00e9-filtre pour le carburant<\/li><li>Remplacement des ressorts et des amortisseurs<\/li><li>Installation d&rsquo;un r\u00e9servoir suppl\u00e9mentaire 130 l.<\/li><li>Pose d&rsquo;un treuil Warn 9.5 XP<\/li><li>Support Kaymar deux roues de secours<\/li><\/ul>\n\n\n\n<ul class=\"wp-block-list\"><li>Remplacement de la CB : TTi et nouvelle antenne<\/li><\/ul>\n\n\n\n<figure class=\"wp-block-image\"><a href=\"http:\/\/blogailleurs.net\/wp-content\/uploads\/2012\/05\/20120512-211904.jpg\"><img decoding=\"async\" src=\"http:\/\/blogailleurs.net\/wp-content\/uploads\/2012\/05\/20120512-211904.jpg\" alt=\"20120512-211904.jpg\"\/><\/a><\/figure>\n\n\n\n<ul class=\"wp-block-list\"><li>mars 2014 : d\u00e9coration \u00abvache\u00bb, capital sympathie<\/li><\/ul>\n\n\n\n<div class=\"wp-block-image\"><figure class=\"alignleft\"><a href=\"http:\/\/blogailleurs.net\/wp-content\/uploads\/2012\/05\/IMG_0270-e1410817821957.jpg\"><img loading=\"lazy\" decoding=\"async\" width=\"801\" height=\"598\" src=\"http:\/\/blogailleurs.net\/wp-content\/uploads\/2012\/05\/IMG_0270-e1410817821957.jpg\" alt=\"Flanc droit\" class=\"wp-image-1937\"\/><\/a><figcaption>Flanc droit<\/figcaption><\/figure><\/div>\n\n\n\n<div class=\"wp-block-image\"><figure class=\"alignleft\"><a href=\"http:\/\/blogailleurs.net\/wp-content\/uploads\/2012\/05\/IMG_0271-e1410817868303.jpg\"><img loading=\"lazy\" decoding=\"async\" width=\"801\" height=\"598\" src=\"http:\/\/blogailleurs.net\/wp-content\/uploads\/2012\/05\/IMG_0271-e1410817868303.jpg\" alt=\"Flanc gauche\" class=\"wp-image-1938\"\/><\/a><figcaption>Flanc gauche<\/figcaption><\/figure><\/div>\n\n\n\n<div class=\"wp-block-image\"><figure class=\"alignleft\"><a href=\"http:\/\/blogailleurs.net\/wp-content\/uploads\/2012\/05\/IMG_3746.png\"><img loading=\"lazy\" decoding=\"async\" width=\"1000\" height=\"666\" src=\"http:\/\/blogailleurs.net\/wp-content\/uploads\/2012\/05\/IMG_3746.png\" alt=\"Family_2016\" class=\"wp-image-2594\" srcset=\"https:\/\/blogailleurs.net\/wp-content\/uploads\/2012\/05\/IMG_3746.png 1000w, https:\/\/blogailleurs.net\/wp-content\/uploads\/2012\/05\/IMG_3746-210x140.png 210w, https:\/\/blogailleurs.net\/wp-content\/uploads\/2012\/05\/IMG_3746-300x200.png 300w, https:\/\/blogailleurs.net\/wp-content\/uploads\/2012\/05\/IMG_3746-768x511.png 768w, https:\/\/blogailleurs.net\/wp-content\/uploads\/2012\/05\/IMG_3746-83x55.png 83w, https:\/\/blogailleurs.net\/wp-content\/uploads\/2012\/05\/IMG_3746-901x600.png 901w, https:\/\/blogailleurs.net\/wp-content\/uploads\/2012\/05\/IMG_3746-600x400.png 600w\" sizes=\"auto, (max-width: 1000px) 100vw, 1000px\" \/><\/a><figcaption>juin 2016 : nouvelle tente de toit aux couleurs du v\u00e9hicule<\/figcaption><\/figure><\/div>\n","protected":false},"excerpt":{"rendered":"<p>Notre ancien v\u00e9hicule, son histoire Afin de garantir un acc\u00e8s s\u00fbr \u00e0 notre caravane durant la saison d&rsquo;hiver, nous avons opt\u00e9 pour un v\u00e9hicule disposant de 4 roues motrices. Le bon rapport qualit\u00e9\/prix de la firme Hyundai nous a conduit au choix du Santamo. Apr\u00e8s de bons et loyaux services, [&hellip;]<\/p>\n","protected":false},"author":1,"featured_media":0,"parent":0,"menu_order":0,"comment_status":"closed","ping_status":"closed","template":"","meta":{"footnotes":""},"class_list":["post-3613","page","type-page","status-publish","hentry"],"_links":{"self":[{"href":"https:\/\/blogailleurs.net\/index.php?rest_route=\/wp\/v2\/pages\/3613","targetHints":{"allow":["GET"]}}],"collection":[{"href":"https:\/\/blogailleurs.net\/index.php?rest_route=\/wp\/v2\/pages"}],"about":[{"href":"https:\/\/blogailleurs.net\/index.php?rest_route=\/wp\/v2\/types\/page"}],"author":[{"embeddable":true,"href":"https:\/\/blogailleurs.net\/index.php?rest_route=\/wp\/v2\/users\/1"}],"replies":[{"embeddable":true,"href":"https:\/\/blogailleurs.net\/index.php?rest_route=%2Fwp%2Fv2%2Fcomments&post=3613"}],"version-history":[{"count":4,"href":"https:\/\/blogailleurs.net\/index.php?rest_route=\/wp\/v2\/pages\/3613\/revisions"}],"predecessor-version":[{"id":3986,"href":"https:\/\/blogailleurs.net\/index.php?rest_route=\/wp\/v2\/pages\/3613\/revisions\/3986"}],"wp:attachment":[{"href":"https:\/\/blogailleurs.net\/index.php?rest_route=%2Fwp%2Fv2%2Fmedia&parent=3613"}],"curies":[{"name":"wp","href":"https:\/\/api.w.org\/{rel}","templated":true}]}}